{"id":12,"date":"2024-03-05T10:26:32","date_gmt":"2024-03-05T09:26:32","guid":{"rendered":"https:\/\/angemar.es\/?page_id=12"},"modified":"2024-04-04T13:27:43","modified_gmt":"2024-04-04T11:27:43","slug":"test-inicio","status":"publish","type":"page","link":"https:\/\/angemar.es\/","title":{"rendered":"Inicio"},"content":{"rendered":"<div class=\"n2_clear\"><ss3-force-full-width data-overflow-x=\"body\" data-horizontal-selector=\"body\"><div class=\"n2-section-smartslider fitvidsignore  n2_clear\" data-ssid=\"2\" tabindex=\"0\" role=\"region\" aria-label=\"Slider\"><div id=\"n2-ss-2-align\" class=\"n2-ss-align\"><div class=\"n2-padding\"><div id=\"n2-ss-2\" data-creator=\"Smart Slider 3\" data-responsive=\"fullwidth\" class=\"n2-ss-slider n2-ow n2-has-hover n2notransition  \"><div class=\"n2-ss-slider-wrapper-outside\" style=\"grid-template-rows:1fr auto\"><div class=\"n2-ss-slider-wrapper-inside\">\n        <div class=\"n2-ss-slider-1 n2_ss__touch_element n2-ow\">\n            <div class=\"n2-ss-slider-2 n2-ow\">\n                                                <div class=\"n2-ss-slider-3 n2-ow\">\n\n                    <div class=\"n2-ss-slide-backgrounds n2-ow-all\"><div class=\"n2-ss-slide-background\" data-public-id=\"1\" data-mode=\"fill\"><div class=\"n2-ss-slide-background-image\" data-blur=\"0\" data-opacity=\"100\" data-x=\"50\" data-y=\"70\" data-alt=\"\" data-title=\"\" style=\"--ss-o-pos-y:70%\"><picture class=\"skip-lazy\" data-skip-lazy=\"1\"><img decoding=\"async\" src=\"\/\/angemar.es\/wp-content\/uploads\/slider\/cache\/5468bda9612adafad9254eb8a6780eed\/principal.jpg\" alt=\"\" title=\"\" loading=\"lazy\" class=\"skip-lazy\" data-skip-lazy=\"1\"><\/picture><\/div><div data-color=\"RGBA(255,255,255,0)\" style=\"background-color: RGBA(255,255,255,0);\" class=\"n2-ss-slide-background-color\"><\/div><\/div><div class=\"n2-ss-slide-background\" data-public-id=\"2\" data-mode=\"fill\" aria-hidden=\"true\"><div class=\"n2-ss-slide-background-image\" data-blur=\"0\" data-opacity=\"100\" data-x=\"50\" data-y=\"50\" data-alt=\"\" data-title=\"\"><picture class=\"skip-lazy\" data-skip-lazy=\"1\"><img decoding=\"async\" src=\"\/\/angemar.es\/wp-content\/uploads\/slider\/cache\/d44cbdc1b0774ed2b0c4ed36cc06391f\/portada-4.jpg\" alt=\"\" title=\"\" loading=\"lazy\" class=\"skip-lazy\" data-skip-lazy=\"1\"><\/picture><\/div><div data-color=\"RGBA(255,255,255,0)\" style=\"background-color: RGBA(255,255,255,0);\" class=\"n2-ss-slide-background-color\"><\/div><\/div><\/div>                    <div class=\"n2-ss-slider-4 n2-ow\">\n                        <svg xmlns=\"http:\/\/www.w3.org\/2000\/svg\" viewBox=\"0 0 1400 400\" data-related-device=\"desktopPortrait\" class=\"n2-ow n2-ss-preserve-size n2-ss-preserve-size--slider n2-ss-slide-limiter\"><\/svg><div data-first=\"1\" data-slide-duration=\"0\" data-id=\"6\" data-slide-public-id=\"1\" data-title=\"Quienes somos?\" class=\"n2-ss-slide n2-ow  n2-ss-slide-6\"><div role=\"note\" class=\"n2-ss-slide--focus\" tabindex=\"-1\">Quienes somos?<\/div><div class=\"n2-ss-layers-container n2-ss-slide-limiter n2-ow\"><div class=\"n2-ss-layer n2-ow n-uc-5DGbKDah5Rfx\" data-sstype=\"slide\" data-pm=\"default\"><\/div><\/div><\/div><div data-slide-duration=\"0\" data-id=\"8\" data-slide-public-id=\"2\" aria-hidden=\"true\" data-title=\"Quienes somos?\" class=\"n2-ss-slide n2-ow  n2-ss-slide-8\"><div role=\"note\" class=\"n2-ss-slide--focus\" tabindex=\"-1\">Quienes somos?<\/div><div class=\"n2-ss-layers-container n2-ss-slide-limiter n2-ow\"><div class=\"n2-ss-layer n2-ow n-uc-yhCOJ2vZklQy\" data-sstype=\"slide\" data-pm=\"default\"><\/div><\/div><\/div>                    <\/div>\n\n                                    <\/div>\n            <\/div>\n        <\/div>\n        <div class=\"n2-ss-slider-controls n2-ss-slider-controls-absolute-left-center\"><div style=\"--widget-offset:15px;\" class=\"n2-ss-widget nextend-arrow n2-ow-all nextend-arrow-previous  nextend-arrow-animated-fade\" id=\"n2-ss-2-arrow-previous\" role=\"button\" aria-label=\"previous arrow\" tabindex=\"0\"><img loading=\"lazy\" decoding=\"async\" width=\"32\" height=\"32\" class=\"n2-arrow-normal-img skip-lazy\" data-skip-lazy=\"1\" src=\"data:image\/svg+xml;base64,PHN2ZyB3aWR0aD0iMzIiIGhlaWdodD0iMzIiIHZpZXdCb3g9IjAgMCAzMiAzMiIgeG1sbnM9Imh0dHA6Ly93d3cudzMub3JnLzIwMDAvc3ZnIj4KICAgIDxwYXRoIGQ9Ik0xMS40MzMgMTUuOTkyTDIyLjY5IDUuNzEyYy4zOTMtLjM5LjM5My0xLjAzIDAtMS40Mi0uMzkzLS4zOS0xLjAzLS4zOS0xLjQyMyAwbC0xMS45OCAxMC45NGMtLjIxLjIxLS4zLjQ5LS4yODUuNzYtLjAxNS4yOC4wNzUuNTYuMjg0Ljc3bDExLjk4IDEwLjk0Yy4zOTMuMzkgMS4wMy4zOSAxLjQyNCAwIC4zOTMtLjQuMzkzLTEuMDMgMC0xLjQybC0xMS4yNTctMTAuMjkiCiAgICAgICAgICBmaWxsPSIjZmZmZmZmIiBvcGFjaXR5PSIwLjgiIGZpbGwtcnVsZT0iZXZlbm9kZCIvPgo8L3N2Zz4=\" alt=\"previous arrow\"><img loading=\"lazy\" decoding=\"async\" width=\"32\" height=\"32\" class=\"n2-arrow-hover-img skip-lazy\" data-skip-lazy=\"1\" src=\"data:image\/svg+xml;base64,PHN2ZyB3aWR0aD0iMzIiIGhlaWdodD0iMzIiIHZpZXdCb3g9IjAgMCAzMiAzMiIgeG1sbnM9Imh0dHA6Ly93d3cudzMub3JnLzIwMDAvc3ZnIj4KICAgIDxwYXRoIGQ9Ik0xMS40MzMgMTUuOTkyTDIyLjY5IDUuNzEyYy4zOTMtLjM5LjM5My0xLjAzIDAtMS40Mi0uMzkzLS4zOS0xLjAzLS4zOS0xLjQyMyAwbC0xMS45OCAxMC45NGMtLjIxLjIxLS4zLjQ5LS4yODUuNzYtLjAxNS4yOC4wNzUuNTYuMjg0Ljc3bDExLjk4IDEwLjk0Yy4zOTMuMzkgMS4wMy4zOSAxLjQyNCAwIC4zOTMtLjQuMzkzLTEuMDMgMC0xLjQybC0xMS4yNTctMTAuMjkiCiAgICAgICAgICBmaWxsPSIjZmZmZmZmIiBvcGFjaXR5PSIxIiBmaWxsLXJ1bGU9ImV2ZW5vZGQiLz4KPC9zdmc+\" alt=\"previous arrow\"><\/div><\/div><div class=\"n2-ss-slider-controls n2-ss-slider-controls-absolute-right-center\"><div style=\"--widget-offset:15px;\" class=\"n2-ss-widget nextend-arrow n2-ow-all nextend-arrow-next  nextend-arrow-animated-fade\" id=\"n2-ss-2-arrow-next\" role=\"button\" aria-label=\"next arrow\" tabindex=\"0\"><img loading=\"lazy\" decoding=\"async\" width=\"32\" height=\"32\" class=\"n2-arrow-normal-img skip-lazy\" data-skip-lazy=\"1\" src=\"data:image\/svg+xml;base64,PHN2ZyB3aWR0aD0iMzIiIGhlaWdodD0iMzIiIHZpZXdCb3g9IjAgMCAzMiAzMiIgeG1sbnM9Imh0dHA6Ly93d3cudzMub3JnLzIwMDAvc3ZnIj4KICAgIDxwYXRoIGQ9Ik0xMC43MjIgNC4yOTNjLS4zOTQtLjM5LTEuMDMyLS4zOS0xLjQyNyAwLS4zOTMuMzktLjM5MyAxLjAzIDAgMS40MmwxMS4yODMgMTAuMjgtMTEuMjgzIDEwLjI5Yy0uMzkzLjM5LS4zOTMgMS4wMiAwIDEuNDIuMzk1LjM5IDEuMDMzLjM5IDEuNDI3IDBsMTIuMDA3LTEwLjk0Yy4yMS0uMjEuMy0uNDkuMjg0LS43Ny4wMTQtLjI3LS4wNzYtLjU1LS4yODYtLjc2TDEwLjcyIDQuMjkzeiIKICAgICAgICAgIGZpbGw9IiNmZmZmZmYiIG9wYWNpdHk9IjAuOCIgZmlsbC1ydWxlPSJldmVub2RkIi8+Cjwvc3ZnPg==\" alt=\"next arrow\"><img loading=\"lazy\" decoding=\"async\" width=\"32\" height=\"32\" class=\"n2-arrow-hover-img skip-lazy\" data-skip-lazy=\"1\" src=\"data:image\/svg+xml;base64,PHN2ZyB3aWR0aD0iMzIiIGhlaWdodD0iMzIiIHZpZXdCb3g9IjAgMCAzMiAzMiIgeG1sbnM9Imh0dHA6Ly93d3cudzMub3JnLzIwMDAvc3ZnIj4KICAgIDxwYXRoIGQ9Ik0xMC43MjIgNC4yOTNjLS4zOTQtLjM5LTEuMDMyLS4zOS0xLjQyNyAwLS4zOTMuMzktLjM5MyAxLjAzIDAgMS40MmwxMS4yODMgMTAuMjgtMTEuMjgzIDEwLjI5Yy0uMzkzLjM5LS4zOTMgMS4wMiAwIDEuNDIuMzk1LjM5IDEuMDMzLjM5IDEuNDI3IDBsMTIuMDA3LTEwLjk0Yy4yMS0uMjEuMy0uNDkuMjg0LS43Ny4wMTQtLjI3LS4wNzYtLjU1LS4yODYtLjc2TDEwLjcyIDQuMjkzeiIKICAgICAgICAgIGZpbGw9IiNmZmZmZmYiIG9wYWNpdHk9IjEiIGZpbGwtcnVsZT0iZXZlbm9kZCIvPgo8L3N2Zz4=\" alt=\"next arrow\"><\/div><\/div><\/div><div class=\"n2-ss-slider-controls n2-ss-slider-controls-below\"><div class=\"n2-ss-widget nextend-shadow n2-ow-all\"><img decoding=\"async\" width=\"1120\" height=\"50\" style=\"display: block; width:100%;max-width:none;\" class=\"nextend-shadow-image skip-lazy\" loading=\"lazy\" data-skip-lazy=\"1\" src=\"https:\/\/angemar.es\/wp-content\/plugins\/smart-slider-3\/Public\/SmartSlider3\/Widget\/Shadow\/ShadowImage\/Assets\/shadow\/centered.png\" alt=\"Shadow\"><\/div><\/div><\/div><\/div><ss3-loader><\/ss3-loader><\/div><\/div><div class=\"n2_clear\"><\/div><\/div><\/ss3-force-full-width><\/div>\n\n\n<p class=\"has-text-align-center has-large-font-size\"><strong>\u00bfQui\u00e9nes somos?<\/strong><\/p>\n\n\n\n<hr class=\"wp-block-separator has-text-color has-vivid-cyan-blue-color has-alpha-channel-opacity has-vivid-cyan-blue-background-color has-background\"\/>\n\n\n\n<div style=\"height:20px\" aria-hidden=\"true\" class=\"wp-block-spacer\"><\/div>\n\n\n\n<div class=\"wp-block-group has-medium-font-size\"><div class=\"wp-block-group__inner-container is-layout-constrained wp-block-group-is-layout-constrained\">\n<p class=\"has-text-align-center\" style=\"font-size:18px\">Angemar es una empresa de inversi\u00f3n y gesti\u00f3n inmobiliaria con capacidad para operar en todo el territorio espa\u00f1ol y principalmente en Galicia.<\/p>\n\n\n\n<p class=\"has-text-align-center\" style=\"font-size:18px\">Participamos tanto en la inversi\u00f3n como en la gesti\u00f3n en diferentes clases de activos inmobiliarios, bancarios y particulares.<\/p>\n\n\n\n<p class=\"has-text-align-center\" style=\"font-size:18px\">En Angemar buscamos generar retornos superiores a la media de mercado inmobiliario a trav\u00e9s de la b\u00fasqueda de oportunidades de inversi\u00f3n interesantes, dise\u00f1ando y ejecutando estrategias que den como fruto una buena rentabilidad a nuestros clientes.<\/p>\n\n\n\n<p class=\"has-text-align-center\" style=\"font-size:18px\">Amplia experiencia y transparencia en todas nuestras operaciones.<\/p>\n<\/div><\/div>\n\n\n\n<div style=\"height:75px\" aria-hidden=\"true\" class=\"wp-block-spacer\"><\/div>\n\n\n\n<p class=\"has-text-align-center has-large-font-size\"><strong>\u00daltimos Anuncios<\/strong><\/p>\n\n\n\n<div class=\"wp-block-query is-layout-flow wp-block-query-is-layout-flow\"><ul class=\"mw-700px m0auto wp-block-post-template is-layout-flow wp-block-post-template-is-layout-flow\"><li class=\"wp-block-post post-342 post type-post status-publish format-standard hentry category-sin-categoria\">\n\n<hr class=\"wp-block-separator has-text-color has-vivid-cyan-blue-color has-alpha-channel-opacity has-vivid-cyan-blue-background-color has-background\"\/>\n\n\n\n<div class=\"wp-block-group rounded has-background\" style=\"background-color:#82acff61\"><div class=\"wp-block-group__inner-container is-layout-constrained wp-block-group-is-layout-constrained\">\n<div style=\"height:5px\" aria-hidden=\"true\" class=\"wp-block-spacer\"><\/div>\n\n\n\n\n\n<div style=\"height:5px\" aria-hidden=\"true\" class=\"wp-block-spacer\"><\/div>\n\n\n<h2 class=\"has-text-align-center wp-block-post-title\"><a href=\"https:\/\/angemar.es\/index.php\/2024\/12\/12\/venta-de-local-en-ponteareas\/\" target=\"_self\" >VENTA DE LOCAL EN PONTEAREAS<\/a><\/h2>\n\n<div class=\"has-text-align-center m-4 wp-block-post-excerpt\"><p class=\"wp-block-post-excerpt__excerpt\">VENDEMOS AMPLIO LOCAL UBICADO EN UNA C\u00c9NTRICA ZONA DE PONTEAREAS. CUENTA CON 174 M\u00b2 Y BUENOS ACCESOS. NO DUDES EN PONERTE EN CONTACTO CON NOSOTROS PARA UNA VISITA. PRECIO 50.500 \u20ac<\/p><p class=\"wp-block-post-excerpt__more-text\"><a class=\"wp-block-post-excerpt__more-link\" href=\"https:\/\/angemar.es\/index.php\/2024\/12\/12\/venta-de-local-en-ponteareas\/\">M\u00e1s informaci\u00f3n!<\/a><\/p><\/div>\n\n\n<div style=\"height:20px\" aria-hidden=\"true\" class=\"wp-block-spacer\"><\/div>\n<\/div><\/div>\n\n<\/li><li class=\"wp-block-post post-336 post type-post status-publish format-standard hentry category-sin-categoria\">\n\n<hr class=\"wp-block-separator has-text-color has-vivid-cyan-blue-color has-alpha-channel-opacity has-vivid-cyan-blue-background-color has-background\"\/>\n\n\n\n<div class=\"wp-block-group rounded has-background\" style=\"background-color:#82acff61\"><div class=\"wp-block-group__inner-container is-layout-constrained wp-block-group-is-layout-constrained\">\n<div style=\"height:5px\" aria-hidden=\"true\" class=\"wp-block-spacer\"><\/div>\n\n\n\n\n\n<div style=\"height:5px\" aria-hidden=\"true\" class=\"wp-block-spacer\"><\/div>\n\n\n<h2 class=\"has-text-align-center wp-block-post-title\"><a href=\"https:\/\/angemar.es\/index.php\/2024\/10\/29\/casa-de-madera\/\" target=\"_self\" >CASA DE MADERA<\/a><\/h2>\n\n<div class=\"has-text-align-center m-4 wp-block-post-excerpt\"><p class=\"wp-block-post-excerpt__excerpt\">VENDEMOS CAS DE MADERA DE 216 M\u00b2 CON UN TERRENO DE 700 M\u00b2. SITUADA EN UNA ZONA PRIVILEGIADA, SE CONVIERTE EN EL LUGAR IDEAL PARA UNA RESIDENCIA COMODA Y CON TODOS LOS SERVICIOS NECESARIOS.<\/p><p class=\"wp-block-post-excerpt__more-text\"><a class=\"wp-block-post-excerpt__more-link\" href=\"https:\/\/angemar.es\/index.php\/2024\/10\/29\/casa-de-madera\/\">M\u00e1s informaci\u00f3n!<\/a><\/p><\/div>\n\n\n<div style=\"height:20px\" aria-hidden=\"true\" class=\"wp-block-spacer\"><\/div>\n<\/div><\/div>\n\n<\/li><li class=\"wp-block-post post-320 post type-post status-publish format-standard hentry category-sin-categoria\">\n\n<hr class=\"wp-block-separator has-text-color has-vivid-cyan-blue-color has-alpha-channel-opacity has-vivid-cyan-blue-background-color has-background\"\/>\n\n\n\n<div class=\"wp-block-group rounded has-background\" style=\"background-color:#82acff61\"><div class=\"wp-block-group__inner-container is-layout-constrained wp-block-group-is-layout-constrained\">\n<div style=\"height:5px\" aria-hidden=\"true\" class=\"wp-block-spacer\"><\/div>\n\n\n\n\n\n<div style=\"height:5px\" aria-hidden=\"true\" class=\"wp-block-spacer\"><\/div>\n\n\n<h2 class=\"has-text-align-center wp-block-post-title\"><a href=\"https:\/\/angemar.es\/index.php\/2024\/09\/24\/venta-de-chalet-en-ponteareas-pontevedra\/\" target=\"_self\" >VENTA DE CHALET EN PONTEAREAS (PONTEVEDRA)<\/a><\/h2>\n\n<div class=\"has-text-align-center m-4 wp-block-post-excerpt\"><p class=\"wp-block-post-excerpt__excerpt\">OPORTUNIDAD DE ADQUIRIR EN PROPIEDAD ESTA CASA INDEPENDIENTE RESIDENCIAL CON UNA SUPERFICIE DE 263 m\u00b2, PROCEDENTE DE ACTIVOS BANCARIOS, BIEN DISTRIBUIDOS. ESTADO INTERIOR A REFORMAR. SE COMPONE DE PLANTA S\u00d3TANO, DESTINADA A GARAJE, PLANTA BAJA Y PLANTA ALTA DESTINADAS A VIVIENDA. JARD\u00cdN PROPIO. PONTE EN CONTACTO CON NOSOTROS Y TE LA ENSE\u00d1AMOS.<\/p><p class=\"wp-block-post-excerpt__more-text\"><a class=\"wp-block-post-excerpt__more-link\" href=\"https:\/\/angemar.es\/index.php\/2024\/09\/24\/venta-de-chalet-en-ponteareas-pontevedra\/\">M\u00e1s informaci\u00f3n!<\/a><\/p><\/div>\n\n\n<div style=\"height:20px\" aria-hidden=\"true\" class=\"wp-block-spacer\"><\/div>\n<\/div><\/div>\n\n<\/li><\/ul><\/div>\n\n\n\n<div style=\"height:75px\" aria-hidden=\"true\" class=\"wp-block-spacer\"><\/div>\n","protected":false},"excerpt":{"rendered":"<p>\u00bfQui\u00e9nes somos? Angemar es una empresa de inversi\u00f3n y gesti\u00f3n inmobiliaria con capacidad para operar en todo el territorio espa\u00f1ol y principalmente en Galicia. Participamos tanto en la inversi\u00f3n como en la gesti\u00f3n en diferentes clases de activos inmobiliarios, bancarios y particulares. En Angemar buscamos generar retornos superiores a la media de mercado inmobiliario a [&hellip;]<\/p>\n","protected":false},"author":1,"featured_media":0,"parent":0,"menu_order":0,"comment_status":"closed","ping_status":"closed","template":"","meta":{"footnotes":""},"class_list":["post-12","page","type-page","status-publish","hentry"],"yoast_head":"<!-- This site is optimized with the Yoast SEO plugin v27.4 - https:\/\/yoast.com\/product\/yoast-seo-wordpress\/ -->\n<title>Inicio - Angemar<\/title>\n<meta name=\"robots\" content=\"index, follow, max-snippet:-1, max-image-preview:large, max-video-preview:-1\" \/>\n<link rel=\"canonical\" href=\"https:\/\/angemar.es\/\" \/>\n<meta property=\"og:locale\" content=\"es_ES\" \/>\n<meta property=\"og:type\" content=\"article\" \/>\n<meta property=\"og:title\" content=\"Inicio - Angemar\" \/>\n<meta property=\"og:description\" content=\"\u00bfQui\u00e9nes somos? Angemar es una empresa de inversi\u00f3n y gesti\u00f3n inmobiliaria con capacidad para operar en todo el territorio espa\u00f1ol y principalmente en Galicia. Participamos tanto en la inversi\u00f3n como en la gesti\u00f3n en diferentes clases de activos inmobiliarios, bancarios y particulares. En Angemar buscamos generar retornos superiores a la media de mercado inmobiliario a [&hellip;]\" \/>\n<meta property=\"og:url\" content=\"https:\/\/angemar.es\/\" \/>\n<meta property=\"og:site_name\" content=\"Angemar\" \/>\n<meta property=\"article:modified_time\" content=\"2024-04-04T11:27:43+00:00\" \/>\n<meta name=\"twitter:card\" content=\"summary_large_image\" \/>\n<meta name=\"twitter:label1\" content=\"Tiempo de lectura\" \/>\n\t<meta name=\"twitter:data1\" content=\"1 minuto\" \/>\n<script type=\"application\/ld+json\" class=\"yoast-schema-graph\">{\"@context\":\"https:\\\/\\\/schema.org\",\"@graph\":[{\"@type\":\"WebPage\",\"@id\":\"https:\\\/\\\/angemar.es\\\/\",\"url\":\"https:\\\/\\\/angemar.es\\\/\",\"name\":\"Inicio - Angemar\",\"isPartOf\":{\"@id\":\"https:\\\/\\\/angemar.es\\\/#website\"},\"datePublished\":\"2024-03-05T09:26:32+00:00\",\"dateModified\":\"2024-04-04T11:27:43+00:00\",\"breadcrumb\":{\"@id\":\"https:\\\/\\\/angemar.es\\\/#breadcrumb\"},\"inLanguage\":\"es\",\"potentialAction\":[{\"@type\":\"ReadAction\",\"target\":[\"https:\\\/\\\/angemar.es\\\/\"]}]},{\"@type\":\"BreadcrumbList\",\"@id\":\"https:\\\/\\\/angemar.es\\\/#breadcrumb\",\"itemListElement\":[{\"@type\":\"ListItem\",\"position\":1,\"name\":\"Portada\",\"item\":\"https:\\\/\\\/angemar.es\\\/\"},{\"@type\":\"ListItem\",\"position\":2,\"name\":\"Inicio\"}]},{\"@type\":\"WebSite\",\"@id\":\"https:\\\/\\\/angemar.es\\\/#website\",\"url\":\"https:\\\/\\\/angemar.es\\\/\",\"name\":\"Angemar\",\"description\":\"\",\"publisher\":{\"@id\":\"https:\\\/\\\/angemar.es\\\/#organization\"},\"potentialAction\":[{\"@type\":\"SearchAction\",\"target\":{\"@type\":\"EntryPoint\",\"urlTemplate\":\"https:\\\/\\\/angemar.es\\\/?s={search_term_string}\"},\"query-input\":{\"@type\":\"PropertyValueSpecification\",\"valueRequired\":true,\"valueName\":\"search_term_string\"}}],\"inLanguage\":\"es\"},{\"@type\":\"Organization\",\"@id\":\"https:\\\/\\\/angemar.es\\\/#organization\",\"name\":\"Angemar\",\"url\":\"https:\\\/\\\/angemar.es\\\/\",\"logo\":{\"@type\":\"ImageObject\",\"inLanguage\":\"es\",\"@id\":\"https:\\\/\\\/angemar.es\\\/#\\\/schema\\\/logo\\\/image\\\/\",\"url\":\"https:\\\/\\\/angemar.es\\\/wp-content\\\/uploads\\\/2024\\\/03\\\/Logo.png\",\"contentUrl\":\"https:\\\/\\\/angemar.es\\\/wp-content\\\/uploads\\\/2024\\\/03\\\/Logo.png\",\"width\":168,\"height\":83,\"caption\":\"Angemar\"},\"image\":{\"@id\":\"https:\\\/\\\/angemar.es\\\/#\\\/schema\\\/logo\\\/image\\\/\"}}]}<\/script>\n<!-- \/ Yoast SEO plugin. -->","yoast_head_json":{"title":"Inicio - Angemar","robots":{"index":"index","follow":"follow","max-snippet":"max-snippet:-1","max-image-preview":"max-image-preview:large","max-video-preview":"max-video-preview:-1"},"canonical":"https:\/\/angemar.es\/","og_locale":"es_ES","og_type":"article","og_title":"Inicio - Angemar","og_description":"\u00bfQui\u00e9nes somos? Angemar es una empresa de inversi\u00f3n y gesti\u00f3n inmobiliaria con capacidad para operar en todo el territorio espa\u00f1ol y principalmente en Galicia. Participamos tanto en la inversi\u00f3n como en la gesti\u00f3n en diferentes clases de activos inmobiliarios, bancarios y particulares. En Angemar buscamos generar retornos superiores a la media de mercado inmobiliario a [&hellip;]","og_url":"https:\/\/angemar.es\/","og_site_name":"Angemar","article_modified_time":"2024-04-04T11:27:43+00:00","twitter_card":"summary_large_image","twitter_misc":{"Tiempo de lectura":"1 minuto"},"schema":{"@context":"https:\/\/schema.org","@graph":[{"@type":"WebPage","@id":"https:\/\/angemar.es\/","url":"https:\/\/angemar.es\/","name":"Inicio - Angemar","isPartOf":{"@id":"https:\/\/angemar.es\/#website"},"datePublished":"2024-03-05T09:26:32+00:00","dateModified":"2024-04-04T11:27:43+00:00","breadcrumb":{"@id":"https:\/\/angemar.es\/#breadcrumb"},"inLanguage":"es","potentialAction":[{"@type":"ReadAction","target":["https:\/\/angemar.es\/"]}]},{"@type":"BreadcrumbList","@id":"https:\/\/angemar.es\/#breadcrumb","itemListElement":[{"@type":"ListItem","position":1,"name":"Portada","item":"https:\/\/angemar.es\/"},{"@type":"ListItem","position":2,"name":"Inicio"}]},{"@type":"WebSite","@id":"https:\/\/angemar.es\/#website","url":"https:\/\/angemar.es\/","name":"Angemar","description":"","publisher":{"@id":"https:\/\/angemar.es\/#organization"},"potentialAction":[{"@type":"SearchAction","target":{"@type":"EntryPoint","urlTemplate":"https:\/\/angemar.es\/?s={search_term_string}"},"query-input":{"@type":"PropertyValueSpecification","valueRequired":true,"valueName":"search_term_string"}}],"inLanguage":"es"},{"@type":"Organization","@id":"https:\/\/angemar.es\/#organization","name":"Angemar","url":"https:\/\/angemar.es\/","logo":{"@type":"ImageObject","inLanguage":"es","@id":"https:\/\/angemar.es\/#\/schema\/logo\/image\/","url":"https:\/\/angemar.es\/wp-content\/uploads\/2024\/03\/Logo.png","contentUrl":"https:\/\/angemar.es\/wp-content\/uploads\/2024\/03\/Logo.png","width":168,"height":83,"caption":"Angemar"},"image":{"@id":"https:\/\/angemar.es\/#\/schema\/logo\/image\/"}}]}},"_links":{"self":[{"href":"https:\/\/angemar.es\/index.php\/wp-json\/wp\/v2\/pages\/12","targetHints":{"allow":["GET"]}}],"collection":[{"href":"https:\/\/angemar.es\/index.php\/wp-json\/wp\/v2\/pages"}],"about":[{"href":"https:\/\/angemar.es\/index.php\/wp-json\/wp\/v2\/types\/page"}],"author":[{"embeddable":true,"href":"https:\/\/angemar.es\/index.php\/wp-json\/wp\/v2\/users\/1"}],"replies":[{"embeddable":true,"href":"https:\/\/angemar.es\/index.php\/wp-json\/wp\/v2\/comments?post=12"}],"version-history":[{"count":57,"href":"https:\/\/angemar.es\/index.php\/wp-json\/wp\/v2\/pages\/12\/revisions"}],"predecessor-version":[{"id":208,"href":"https:\/\/angemar.es\/index.php\/wp-json\/wp\/v2\/pages\/12\/revisions\/208"}],"wp:attachment":[{"href":"https:\/\/angemar.es\/index.php\/wp-json\/wp\/v2\/media?parent=12"}],"curies":[{"name":"wp","href":"https:\/\/api.w.org\/{rel}","templated":true}]}}