{"id":62,"date":"2024-03-12T10:21:02","date_gmt":"2024-03-12T09:21:02","guid":{"rendered":"https:\/\/angemar.es\/?page_id=62"},"modified":"2024-04-01T13:32:43","modified_gmt":"2024-04-01T11:32:43","slug":"contacto","status":"publish","type":"page","link":"https:\/\/angemar.es\/index.php\/contacto\/","title":{"rendered":"Contacto"},"content":{"rendered":"\n<div class=\"wp-block-columns is-layout-flex wp-container-core-columns-is-layout-9d6595d7 wp-block-columns-is-layout-flex\">\n<div class=\"wp-block-column is-layout-flow wp-block-column-is-layout-flow\" style=\"flex-basis:100%\">\n<div class=\"wp-block-group is-nowrap is-layout-flex wp-container-core-group-is-layout-ad2f72ca wp-block-group-is-layout-flex\">\n<figure class=\"wp-block-image size-full\"><img loading=\"lazy\" decoding=\"async\" width=\"1001\" height=\"562\" src=\"https:\/\/angemar.es\/wp-content\/uploads\/2024\/04\/portada-2.png\" alt=\"\" class=\"wp-image-131\"\/><\/figure>\n<\/div>\n<\/div>\n\n\n\n<div class=\"wp-block-column is-vertically-aligned-center is-layout-flow wp-block-column-is-layout-flow\" style=\"flex-basis:100%\">\n<div class=\"wp-block-group is-vertical is-content-justification-center is-layout-flex wp-container-core-group-is-layout-73a99bce wp-block-group-is-layout-flex\">\n<p class=\"has-text-align-center has-large-font-size\"><strong>\u00a1Contacta con nosotros!<\/strong><\/p>\n\n\n\n<p><strong>Tel\u00e9fono:<\/strong> <a href=\"tel:659918188\">+34 659 918 188<\/a><\/p>\n\n\n\n<p><strong>Correo:<\/strong> <a href=\"mailto:info@angemar.es\" target=\"_blank\" rel=\"noreferrer noopener\">info@angemar.es<\/a><\/p>\n\n\n\n<p class=\"has-text-align-center\"><strong>Direcci\u00f3n:<\/strong> Pol\u00edgono Industrial A Granxa, Parcela 240, Portal B, 2\u00ba Izquierda, O Porri\u00f1o<\/p>\n<\/div>\n<\/div>\n<\/div>\n\n\n\n<div style=\"height:75px\" aria-hidden=\"true\" class=\"wp-block-spacer\"><\/div>\n\n\n\n<p class=\"has-text-align-center has-large-font-size\"><strong>Env\u00edanos un correo<\/strong><\/p>\n\n\n<div class=\"wpforms-container wpforms-container-full wpforms-block wpforms-block-55013131-f1ee-4792-b13b-fe3fca8642a0 wpforms-render-modern\" id=\"wpforms-107\"><form id=\"wpforms-form-107\" class=\"wpforms-validate wpforms-form wpforms-ajax-form\" data-formid=\"107\" method=\"post\" enctype=\"multipart\/form-data\" action=\"\/index.php\/wp-json\/wp\/v2\/pages\/62\" data-token=\"3780d09b6bf8c47c94fe7dacf71d4400\" data-token-time=\"1776762765\"><noscript class=\"wpforms-error-noscript\">Por favor, activa JavaScript en tu navegador para completar este formulario.<\/noscript><div id=\"wpforms-error-noscript\" style=\"display: none;\">Por favor, activa JavaScript en tu navegador para completar este formulario.<\/div><div class=\"wpforms-field-container\"><div id=\"wpforms-107-field_0-container\" class=\"wpforms-field wpforms-field-name\" data-field-id=\"0\"><fieldset><legend class=\"wpforms-field-label\">Nombre <span class=\"wpforms-required-label\" aria-hidden=\"true\">*<\/span><\/legend><div class=\"wpforms-field-row wpforms-field-large\"><div class=\"wpforms-field-row-block wpforms-first wpforms-one-half\"><input type=\"text\" id=\"wpforms-107-field_0\" class=\"wpforms-field-name-first wpforms-field-required\" name=\"wpforms[fields][0][first]\" aria-errormessage=\"wpforms-107-field_0-error\" required><label for=\"wpforms-107-field_0\" class=\"wpforms-field-sublabel after\">Nombre<\/label><\/div><div class=\"wpforms-field-row-block wpforms-one-half\"><input type=\"text\" id=\"wpforms-107-field_0-last\" class=\"wpforms-field-name-last wpforms-field-required\" name=\"wpforms[fields][0][last]\" aria-errormessage=\"wpforms-107-field_0-last-error\" required><label for=\"wpforms-107-field_0-last\" class=\"wpforms-field-sublabel after\">Apellidos<\/label><\/div><\/div><\/fieldset><\/div><div id=\"wpforms-107-field_1-container\" class=\"wpforms-field wpforms-field-email\" data-field-id=\"1\"><label class=\"wpforms-field-label\" for=\"wpforms-107-field_1\">Correo electr\u00f3nico <span class=\"wpforms-required-label\" aria-hidden=\"true\">*<\/span><\/label><input type=\"email\" id=\"wpforms-107-field_1\" class=\"wpforms-field-large wpforms-field-required\" name=\"wpforms[fields][1]\" spellcheck=\"false\" aria-errormessage=\"wpforms-107-field_1-error\" required><\/div><div id=\"wpforms-107-field_2-container\" class=\"wpforms-field wpforms-field-textarea\" data-field-id=\"2\"><label class=\"wpforms-field-label\" for=\"wpforms-107-field_2\">Comentario o mensaje<\/label><textarea id=\"wpforms-107-field_2\" class=\"wpforms-field-medium\" name=\"wpforms[fields][2]\" aria-errormessage=\"wpforms-107-field_2-error\" ><\/textarea><\/div><div id=\"wpforms-107-field_3-container\" class=\"wpforms-field wpforms-field-checkbox\" data-field-id=\"3\"><fieldset><legend class=\"wpforms-field-label wpforms-label-hide\" aria-hidden=\"false\">Casillas de verificaci\u00f3n <span class=\"wpforms-required-label\" aria-hidden=\"true\">*<\/span><\/legend><ul id=\"wpforms-107-field_3\" class=\"wpforms-field-required\"><li class=\"choice-1 depth-1\"><input type=\"checkbox\" id=\"wpforms-107-field_3_1\" name=\"wpforms[fields][3][]\" value=\"He le\u00eddo y acepto la &lt;a href=&quot;https:\/\/angemar.es\/wp-content\/uploads\/2024\/06\/politicaPrivacidadDatos.pdf&quot;&gt;Pol\u00edtica de Privacidad&lt;\/a&gt;\" aria-errormessage=\"wpforms-107-field_3_1-error\" required ><label class=\"wpforms-field-label-inline\" for=\"wpforms-107-field_3_1\">He le\u00eddo y acepto la <a href=\"https:\/\/angemar.es\/wp-content\/uploads\/2024\/06\/politicaPrivacidadDatos.pdf\">Pol\u00edtica de Privacidad<\/a><\/label><\/li><\/ul><\/fieldset><\/div><\/div><!-- .wpforms-field-container --><div class=\"wpforms-submit-container\" ><input type=\"hidden\" name=\"wpforms[id]\" value=\"107\"><input type=\"hidden\" name=\"page_title\" value=\"\"><input type=\"hidden\" name=\"page_url\" value=\"https:\/\/angemar.es\/index.php\/wp-json\/wp\/v2\/pages\/62\"><input type=\"hidden\" name=\"url_referer\" value=\"\"><button type=\"submit\" name=\"wpforms[submit]\" id=\"wpforms-submit-107\" class=\"wpforms-submit\" data-alt-text=\"Enviando...\" data-submit-text=\"Enviar\" aria-live=\"assertive\" value=\"wpforms-submit\">Enviar<\/button><img loading=\"lazy\" decoding=\"async\" src=\"https:\/\/angemar.es\/wp-content\/plugins\/wpforms-lite\/assets\/images\/submit-spin.svg\" class=\"wpforms-submit-spinner\" style=\"display: none;\" width=\"26\" height=\"26\" alt=\"Cargando\"><\/div><\/form><\/div>  <!-- .wpforms-container -->","protected":false},"excerpt":{"rendered":"<p>\u00a1Contacta con nosotros! Tel\u00e9fono: +34 659 918 188 Correo: info@angemar.es Direcci\u00f3n: Pol\u00edgono Industrial A Granxa, Parcela 240, Portal B, 2\u00ba Izquierda, O Porri\u00f1o Env\u00edanos un correo<\/p>\n","protected":false},"author":1,"featured_media":0,"parent":0,"menu_order":0,"comment_status":"closed","ping_status":"closed","template":"","meta":{"footnotes":""},"class_list":["post-62","page","type-page","status-publish","hentry"],"yoast_head":"<!-- This site is optimized with the Yoast SEO plugin v27.4 - https:\/\/yoast.com\/product\/yoast-seo-wordpress\/ -->\n<title>Contacto - Angemar<\/title>\n<meta name=\"robots\" content=\"index, follow, max-snippet:-1, max-image-preview:large, max-video-preview:-1\" \/>\n<link rel=\"canonical\" href=\"https:\/\/angemar.es\/index.php\/contacto\/\" \/>\n<meta property=\"og:locale\" content=\"es_ES\" \/>\n<meta property=\"og:type\" content=\"article\" \/>\n<meta property=\"og:title\" content=\"Contacto - Angemar\" \/>\n<meta property=\"og:description\" content=\"\u00a1Contacta con nosotros! Tel\u00e9fono: +34 659 918 188 Correo: info@angemar.es Direcci\u00f3n: Pol\u00edgono Industrial A Granxa, Parcela 240, Portal B, 2\u00ba Izquierda, O Porri\u00f1o Env\u00edanos un correo\" \/>\n<meta property=\"og:url\" content=\"https:\/\/angemar.es\/index.php\/contacto\/\" \/>\n<meta property=\"og:site_name\" content=\"Angemar\" \/>\n<meta property=\"article:modified_time\" content=\"2024-04-01T11:32:43+00:00\" \/>\n<meta property=\"og:image\" content=\"https:\/\/angemar.es\/wp-content\/uploads\/2024\/04\/portada-2.png\" \/>\n<meta name=\"twitter:card\" content=\"summary_large_image\" \/>\n<meta name=\"twitter:label1\" content=\"Tiempo de lectura\" \/>\n\t<meta name=\"twitter:data1\" content=\"1 minuto\" \/>\n<script type=\"application\/ld+json\" class=\"yoast-schema-graph\">{\"@context\":\"https:\\\/\\\/schema.org\",\"@graph\":[{\"@type\":\"WebPage\",\"@id\":\"https:\\\/\\\/angemar.es\\\/index.php\\\/contacto\\\/\",\"url\":\"https:\\\/\\\/angemar.es\\\/index.php\\\/contacto\\\/\",\"name\":\"Contacto - Angemar\",\"isPartOf\":{\"@id\":\"https:\\\/\\\/angemar.es\\\/#website\"},\"primaryImageOfPage\":{\"@id\":\"https:\\\/\\\/angemar.es\\\/index.php\\\/contacto\\\/#primaryimage\"},\"image\":{\"@id\":\"https:\\\/\\\/angemar.es\\\/index.php\\\/contacto\\\/#primaryimage\"},\"thumbnailUrl\":\"https:\\\/\\\/angemar.es\\\/wp-content\\\/uploads\\\/2024\\\/04\\\/portada-2.png\",\"datePublished\":\"2024-03-12T09:21:02+00:00\",\"dateModified\":\"2024-04-01T11:32:43+00:00\",\"breadcrumb\":{\"@id\":\"https:\\\/\\\/angemar.es\\\/index.php\\\/contacto\\\/#breadcrumb\"},\"inLanguage\":\"es\",\"potentialAction\":[{\"@type\":\"ReadAction\",\"target\":[\"https:\\\/\\\/angemar.es\\\/index.php\\\/contacto\\\/\"]}]},{\"@type\":\"ImageObject\",\"inLanguage\":\"es\",\"@id\":\"https:\\\/\\\/angemar.es\\\/index.php\\\/contacto\\\/#primaryimage\",\"url\":\"https:\\\/\\\/angemar.es\\\/wp-content\\\/uploads\\\/2024\\\/04\\\/portada-2.png\",\"contentUrl\":\"https:\\\/\\\/angemar.es\\\/wp-content\\\/uploads\\\/2024\\\/04\\\/portada-2.png\",\"width\":1001,\"height\":562},{\"@type\":\"BreadcrumbList\",\"@id\":\"https:\\\/\\\/angemar.es\\\/index.php\\\/contacto\\\/#breadcrumb\",\"itemListElement\":[{\"@type\":\"ListItem\",\"position\":1,\"name\":\"Portada\",\"item\":\"https:\\\/\\\/angemar.es\\\/\"},{\"@type\":\"ListItem\",\"position\":2,\"name\":\"Contacto\"}]},{\"@type\":\"WebSite\",\"@id\":\"https:\\\/\\\/angemar.es\\\/#website\",\"url\":\"https:\\\/\\\/angemar.es\\\/\",\"name\":\"Angemar\",\"description\":\"\",\"publisher\":{\"@id\":\"https:\\\/\\\/angemar.es\\\/#organization\"},\"potentialAction\":[{\"@type\":\"SearchAction\",\"target\":{\"@type\":\"EntryPoint\",\"urlTemplate\":\"https:\\\/\\\/angemar.es\\\/?s={search_term_string}\"},\"query-input\":{\"@type\":\"PropertyValueSpecification\",\"valueRequired\":true,\"valueName\":\"search_term_string\"}}],\"inLanguage\":\"es\"},{\"@type\":\"Organization\",\"@id\":\"https:\\\/\\\/angemar.es\\\/#organization\",\"name\":\"Angemar\",\"url\":\"https:\\\/\\\/angemar.es\\\/\",\"logo\":{\"@type\":\"ImageObject\",\"inLanguage\":\"es\",\"@id\":\"https:\\\/\\\/angemar.es\\\/#\\\/schema\\\/logo\\\/image\\\/\",\"url\":\"https:\\\/\\\/angemar.es\\\/wp-content\\\/uploads\\\/2024\\\/03\\\/Logo.png\",\"contentUrl\":\"https:\\\/\\\/angemar.es\\\/wp-content\\\/uploads\\\/2024\\\/03\\\/Logo.png\",\"width\":168,\"height\":83,\"caption\":\"Angemar\"},\"image\":{\"@id\":\"https:\\\/\\\/angemar.es\\\/#\\\/schema\\\/logo\\\/image\\\/\"}}]}<\/script>\n<!-- \/ Yoast SEO plugin. -->","yoast_head_json":{"title":"Contacto - Angemar","robots":{"index":"index","follow":"follow","max-snippet":"max-snippet:-1","max-image-preview":"max-image-preview:large","max-video-preview":"max-video-preview:-1"},"canonical":"https:\/\/angemar.es\/index.php\/contacto\/","og_locale":"es_ES","og_type":"article","og_title":"Contacto - Angemar","og_description":"\u00a1Contacta con nosotros! Tel\u00e9fono: +34 659 918 188 Correo: info@angemar.es Direcci\u00f3n: Pol\u00edgono Industrial A Granxa, Parcela 240, Portal B, 2\u00ba Izquierda, O Porri\u00f1o Env\u00edanos un correo","og_url":"https:\/\/angemar.es\/index.php\/contacto\/","og_site_name":"Angemar","article_modified_time":"2024-04-01T11:32:43+00:00","og_image":[{"url":"https:\/\/angemar.es\/wp-content\/uploads\/2024\/04\/portada-2.png","type":"","width":"","height":""}],"twitter_card":"summary_large_image","twitter_misc":{"Tiempo de lectura":"1 minuto"},"schema":{"@context":"https:\/\/schema.org","@graph":[{"@type":"WebPage","@id":"https:\/\/angemar.es\/index.php\/contacto\/","url":"https:\/\/angemar.es\/index.php\/contacto\/","name":"Contacto - Angemar","isPartOf":{"@id":"https:\/\/angemar.es\/#website"},"primaryImageOfPage":{"@id":"https:\/\/angemar.es\/index.php\/contacto\/#primaryimage"},"image":{"@id":"https:\/\/angemar.es\/index.php\/contacto\/#primaryimage"},"thumbnailUrl":"https:\/\/angemar.es\/wp-content\/uploads\/2024\/04\/portada-2.png","datePublished":"2024-03-12T09:21:02+00:00","dateModified":"2024-04-01T11:32:43+00:00","breadcrumb":{"@id":"https:\/\/angemar.es\/index.php\/contacto\/#breadcrumb"},"inLanguage":"es","potentialAction":[{"@type":"ReadAction","target":["https:\/\/angemar.es\/index.php\/contacto\/"]}]},{"@type":"ImageObject","inLanguage":"es","@id":"https:\/\/angemar.es\/index.php\/contacto\/#primaryimage","url":"https:\/\/angemar.es\/wp-content\/uploads\/2024\/04\/portada-2.png","contentUrl":"https:\/\/angemar.es\/wp-content\/uploads\/2024\/04\/portada-2.png","width":1001,"height":562},{"@type":"BreadcrumbList","@id":"https:\/\/angemar.es\/index.php\/contacto\/#breadcrumb","itemListElement":[{"@type":"ListItem","position":1,"name":"Portada","item":"https:\/\/angemar.es\/"},{"@type":"ListItem","position":2,"name":"Contacto"}]},{"@type":"WebSite","@id":"https:\/\/angemar.es\/#website","url":"https:\/\/angemar.es\/","name":"Angemar","description":"","publisher":{"@id":"https:\/\/angemar.es\/#organization"},"potentialAction":[{"@type":"SearchAction","target":{"@type":"EntryPoint","urlTemplate":"https:\/\/angemar.es\/?s={search_term_string}"},"query-input":{"@type":"PropertyValueSpecification","valueRequired":true,"valueName":"search_term_string"}}],"inLanguage":"es"},{"@type":"Organization","@id":"https:\/\/angemar.es\/#organization","name":"Angemar","url":"https:\/\/angemar.es\/","logo":{"@type":"ImageObject","inLanguage":"es","@id":"https:\/\/angemar.es\/#\/schema\/logo\/image\/","url":"https:\/\/angemar.es\/wp-content\/uploads\/2024\/03\/Logo.png","contentUrl":"https:\/\/angemar.es\/wp-content\/uploads\/2024\/03\/Logo.png","width":168,"height":83,"caption":"Angemar"},"image":{"@id":"https:\/\/angemar.es\/#\/schema\/logo\/image\/"}}]}},"_links":{"self":[{"href":"https:\/\/angemar.es\/index.php\/wp-json\/wp\/v2\/pages\/62","targetHints":{"allow":["GET"]}}],"collection":[{"href":"https:\/\/angemar.es\/index.php\/wp-json\/wp\/v2\/pages"}],"about":[{"href":"https:\/\/angemar.es\/index.php\/wp-json\/wp\/v2\/types\/page"}],"author":[{"embeddable":true,"href":"https:\/\/angemar.es\/index.php\/wp-json\/wp\/v2\/users\/1"}],"replies":[{"embeddable":true,"href":"https:\/\/angemar.es\/index.php\/wp-json\/wp\/v2\/comments?post=62"}],"version-history":[{"count":15,"href":"https:\/\/angemar.es\/index.php\/wp-json\/wp\/v2\/pages\/62\/revisions"}],"predecessor-version":[{"id":170,"href":"https:\/\/angemar.es\/index.php\/wp-json\/wp\/v2\/pages\/62\/revisions\/170"}],"wp:attachment":[{"href":"https:\/\/angemar.es\/index.php\/wp-json\/wp\/v2\/media?parent=62"}],"curies":[{"name":"wp","href":"https:\/\/api.w.org\/{rel}","templated":true}]}}